{"id":3739,"date":"2025-09-28T19:11:52","date_gmt":"2025-09-28T19:11:52","guid":{"rendered":"https:\/\/sudemcicekevi.com\/?post_type=product&#038;p=3739"},"modified":"2025-09-28T19:11:52","modified_gmt":"2025-09-28T19:11:52","slug":"orkide-beyaz","status":"publish","type":"product","link":"https:\/\/sudemcicekevi.com\/?product=orkide-beyaz","title":{"rendered":"Beyaz \u00c7ift Dal Orkide \u2013 Zarif Seramik Saks\u0131da"},"content":{"rendered":"<blockquote><p>Do\u011fall\u0131\u011f\u0131 ve sadeli\u011fiyle her ortama uyum sa\u011flayan beyaz \u00e7ift dal orkide, \u00f6zel seramik saks\u0131s\u0131 ve kelebek detayl\u0131 zarif s\u00fcslemesiyle \u015f\u0131kl\u0131\u011f\u0131n\u0131 \u00f6n plana \u00e7\u0131kar\u0131yor. Do\u011fum g\u00fcn\u00fc, y\u0131ld\u00f6n\u00fcm\u00fc, sevgililer g\u00fcn\u00fc ya da \u00f6zel kutlamalarda sevdiklerinize unutulmaz bir hediye sunabilirsiniz. Hem ev hem ofis dekorasyonuna estetik bir dokunu\u015f katan bu orkide, uzun \u00f6m\u00fcrl\u00fc yap\u0131s\u0131yla da tercih sebebi.<\/p><\/blockquote>\n","protected":false},"excerpt":{"rendered":"<p>Safl\u0131\u011f\u0131n ve zarafetin simgesi beyaz \u00e7ift dal orkide, \u015f\u0131k seramik saks\u0131s\u0131 ve \u00f6zel s\u00fcslemesiyle sevdikleriniz i\u00e7in ideal bir hediye.<\/p>\n","protected":false},"featured_media":3740,"menu_order":0,"comment_status":"open","ping_status":"closed","template":"","meta":{"_monsterinsights_skip_tracking":false,"_monsterinsights_sitenote_active":false,"_monsterinsights_sitenote_note":"","_monsterinsights_sitenote_category":0},"product_brand":[154,155],"product_cat":[138],"product_tag":[],"class_list":{"0":"post-3739","1":"product","2":"type-product","3":"status-publish","4":"has-post-thumbnail","6":"product_brand-sivas-cicek","7":"product_brand-sudemcicekevi","8":"product_cat-orkide","10":"first","11":"instock","12":"sale","13":"taxable","14":"shipping-taxable","15":"purchasable","16":"product-type-simple"},"aioseo_notices":[],"_links":{"self":[{"href":"https:\/\/sudemcicekevi.com\/index.php?rest_route=\/wp\/v2\/product\/3739","targetHints":{"allow":["GET"]}}],"collection":[{"href":"https:\/\/sudemcicekevi.com\/index.php?rest_route=\/wp\/v2\/product"}],"about":[{"href":"https:\/\/sudemcicekevi.com\/index.php?rest_route=\/wp\/v2\/types\/product"}],"replies":[{"embeddable":true,"href":"https:\/\/sudemcicekevi.com\/index.php?rest_route=%2Fwp%2Fv2%2Fcomments&post=3739"}],"wp:featuredmedia":[{"embeddable":true,"href":"https:\/\/sudemcicekevi.com\/index.php?rest_route=\/wp\/v2\/media\/3740"}],"wp:attachment":[{"href":"https:\/\/sudemcicekevi.com\/index.php?rest_route=%2Fwp%2Fv2%2Fmedia&parent=3739"}],"wp:term":[{"taxonomy":"product_brand","embeddable":true,"href":"https:\/\/sudemcicekevi.com\/index.php?rest_route=%2Fwp%2Fv2%2Fproduct_brand&post=3739"},{"taxonomy":"product_cat","embeddable":true,"href":"https:\/\/sudemcicekevi.com\/index.php?rest_route=%2Fwp%2Fv2%2Fproduct_cat&post=3739"},{"taxonomy":"product_tag","embeddable":true,"href":"https:\/\/sudemcicekevi.com\/index.php?rest_route=%2Fwp%2Fv2%2Fproduct_tag&post=3739"}],"curies":[{"name":"wp","href":"https:\/\/api.w.org\/{rel}","templated":true}]}}