{"id":3737,"date":"2025-09-28T19:06:30","date_gmt":"2025-09-28T19:06:30","guid":{"rendered":"https:\/\/sudemcicekevi.com\/?post_type=product&#038;p=3737"},"modified":"2025-09-28T19:06:31","modified_gmt":"2025-09-28T19:06:31","slug":"orkide-mavi","status":"publish","type":"product","link":"https:\/\/sudemcicekevi.com\/?product=orkide-mavi","title":{"rendered":"Mavi \u00c7ift Dal Orkide \u2013 \u00d6zel Has\u0131r Sarg\u0131l\u0131"},"content":{"rendered":"<p><img fetchpriority=\"high\" decoding=\"async\" class=\"alignnone size-medium wp-image-3732\" src=\"https:\/\/sudemcicekevi.com\/wp-content\/uploads\/2022\/01\/IMG_2420-242x300.jpeg\" alt=\"\" width=\"242\" height=\"300\" srcset=\"https:\/\/sudemcicekevi.com\/wp-content\/uploads\/2022\/01\/IMG_2420-242x300.jpeg 242w, https:\/\/sudemcicekevi.com\/wp-content\/uploads\/2022\/01\/IMG_2420-824x1024.jpeg 824w, https:\/\/sudemcicekevi.com\/wp-content\/uploads\/2022\/01\/IMG_2420-768x954.jpeg 768w, https:\/\/sudemcicekevi.com\/wp-content\/uploads\/2022\/01\/IMG_2420-1237x1536.jpeg 1237w, https:\/\/sudemcicekevi.com\/wp-content\/uploads\/2022\/01\/IMG_2420-570x708.jpeg 570w, https:\/\/sudemcicekevi.com\/wp-content\/uploads\/2022\/01\/IMG_2420.jpeg 1284w\" sizes=\"(max-width: 242px) 100vw, 242px\" \/><\/p>\n","protected":false},"excerpt":{"rendered":"<p>\u015e\u0131k has\u0131r sarg\u0131s\u0131yla haz\u0131rlanm\u0131\u015f, zarafetiyle g\u00f6z kama\u015ft\u0131ran mavi \u00e7ift dal orkide. Sevdiklerinize \u00f6zel g\u00fcnlerde unutulmaz bir hediye<\/p>\n","protected":false},"featured_media":3732,"menu_order":0,"comment_status":"open","ping_status":"closed","template":"","meta":{"_monsterinsights_skip_tracking":false,"_monsterinsights_sitenote_active":false,"_monsterinsights_sitenote_note":"","_monsterinsights_sitenote_category":0},"product_brand":[154,155],"product_cat":[138],"product_tag":[164,171,173,165,163,174,162,166,167,168,169,170,172],"class_list":{"0":"post-3737","1":"product","2":"type-product","3":"status-publish","4":"has-post-thumbnail","6":"product_brand-sivas-cicek","7":"product_brand-sudemcicekevi","8":"product_cat-orkide","9":"product_tag-cift-dal-orkide","10":"product_tag-dogum-gunu-orkide","11":"product_tag-ev-dekorasyonu-cicek","12":"product_tag-hasir-sargili-orkide","13":"product_tag-mavi-orkide","14":"product_tag-ofis-cicekleri","15":"product_tag-orkide","16":"product_tag-orkide-cicek","17":"product_tag-orkide-hediye","18":"product_tag-orkide-siparis","19":"product_tag-orkide-sivas","20":"product_tag-ozel-gun-cicekleri","21":"product_tag-sevgiliye-orkide","23":"first","24":"instock","25":"sale","26":"taxable","27":"shipping-taxable","28":"purchasable","29":"product-type-simple"},"aioseo_notices":[],"_links":{"self":[{"href":"https:\/\/sudemcicekevi.com\/index.php?rest_route=\/wp\/v2\/product\/3737","targetHints":{"allow":["GET"]}}],"collection":[{"href":"https:\/\/sudemcicekevi.com\/index.php?rest_route=\/wp\/v2\/product"}],"about":[{"href":"https:\/\/sudemcicekevi.com\/index.php?rest_route=\/wp\/v2\/types\/product"}],"replies":[{"embeddable":true,"href":"https:\/\/sudemcicekevi.com\/index.php?rest_route=%2Fwp%2Fv2%2Fcomments&post=3737"}],"wp:featuredmedia":[{"embeddable":true,"href":"https:\/\/sudemcicekevi.com\/index.php?rest_route=\/wp\/v2\/media\/3732"}],"wp:attachment":[{"href":"https:\/\/sudemcicekevi.com\/index.php?rest_route=%2Fwp%2Fv2%2Fmedia&parent=3737"}],"wp:term":[{"taxonomy":"product_brand","embeddable":true,"href":"https:\/\/sudemcicekevi.com\/index.php?rest_route=%2Fwp%2Fv2%2Fproduct_brand&post=3737"},{"taxonomy":"product_cat","embeddable":true,"href":"https:\/\/sudemcicekevi.com\/index.php?rest_route=%2Fwp%2Fv2%2Fproduct_cat&post=3737"},{"taxonomy":"product_tag","embeddable":true,"href":"https:\/\/sudemcicekevi.com\/index.php?rest_route=%2Fwp%2Fv2%2Fproduct_tag&post=3737"}],"curies":[{"name":"wp","href":"https:\/\/api.w.org\/{rel}","templated":true}]}}